{"id":5830,"date":"2019-05-18T20:40:35","date_gmt":"2019-05-18T20:40:35","guid":{"rendered":"https:\/\/studyinlisbonqual.cm-lisboa.pt\/study-in-lisbon\/"},"modified":"2025-06-23T18:56:10","modified_gmt":"2025-06-23T18:56:10","slug":"study-in-lisbon","status":"publish","type":"page","link":"https:\/\/studyinlisbon.pt\/en\/study-in-lisbon\/","title":{"rendered":"Why Lisbon"},"content":{"rendered":"\t\t<div data-elementor-type=\"wp-page\" data-elementor-id=\"5830\" class=\"elementor elementor-5830 elementor-10\" data-elementor-post-type=\"page\">\n\t\t\t\t<div class=\"elementor-element elementor-element-56d1c4ca e-con-full e-flex e-con e-parent\" data-id=\"56d1c4ca\" data-element_type=\"container\" data-e-type=\"container\" data-settings=\"{&quot;background_background&quot;:&quot;classic&quot;}\">\n\t\t<div class=\"elementor-element elementor-element-1250816 e-flex e-con-boxed e-con e-child\" data-id=\"1250816\" data-element_type=\"container\" data-e-type=\"container\">\n\t\t\t\t\t<div class=\"e-con-inner\">\n\t\t\t\t<div class=\"elementor-element elementor-element-74ff501 elementor-widget elementor-widget-heading\" data-id=\"74ff501\" data-element_type=\"widget\" data-e-type=\"widget\" data-widget_type=\"heading.default\">\n\t\t\t\t<div class=\"elementor-widget-container\">\n\t\t\t\t\t<h1 class=\"elementor-heading-title elementor-size-default\">Lisboa<\/h1>\t\t\t\t<\/div>\n\t\t\t\t<\/div>\n\t\t\t\t<div class=\"elementor-element elementor-element-68c86e4 elementor-widget elementor-widget-heading\" data-id=\"68c86e4\" data-element_type=\"widget\" data-e-type=\"widget\" data-widget_type=\"heading.default\">\n\t\t\t\t<div class=\"elementor-widget-container\">\n\t\t\t\t\t<h2 class=\"elementor-heading-title elementor-size-default\">ONE CHOICE IN A THOUSAND...<\/h2>\t\t\t\t<\/div>\n\t\t\t\t<\/div>\n\t\t\t\t\t<\/div>\n\t\t\t\t<\/div>\n\t\t<div class=\"elementor-element elementor-element-ec0d0d5 e-grid e-con-boxed e-con e-child\" data-id=\"ec0d0d5\" data-element_type=\"container\" data-e-type=\"container\">\n\t\t\t\t\t<div class=\"e-con-inner\">\n\t\t\t\t<div class=\"elementor-element elementor-element-02db5dc elementor-widget elementor-widget-heading\" data-id=\"02db5dc\" data-element_type=\"widget\" data-e-type=\"widget\" data-widget_type=\"heading.default\">\n\t\t\t\t<div class=\"elementor-widget-container\">\n\t\t\t\t\t<h3 class=\"elementor-heading-title elementor-size-default\">TEACHING EXCELLENCE<\/h3>\t\t\t\t<\/div>\n\t\t\t\t<\/div>\n\t\t\t\t<div class=\"elementor-element elementor-element-d4c0f9b elementor-widget elementor-widget-heading\" data-id=\"d4c0f9b\" data-element_type=\"widget\" data-e-type=\"widget\" data-widget_type=\"heading.default\">\n\t\t\t\t<div class=\"elementor-widget-container\">\n\t\t\t\t\t<h3 class=\"elementor-heading-title elementor-size-default\">CULTURAL DIVERSITY<\/h3>\t\t\t\t<\/div>\n\t\t\t\t<\/div>\n\t\t\t\t<div class=\"elementor-element elementor-element-d5a9096 elementor-widget elementor-widget-heading\" data-id=\"d5a9096\" data-element_type=\"widget\" data-e-type=\"widget\" data-widget_type=\"heading.default\">\n\t\t\t\t<div class=\"elementor-widget-container\">\n\t\t\t\t\t<h3 class=\"elementor-heading-title elementor-size-default\">DIVERSIFIED ACADEMIC OFFER<\/h3>\t\t\t\t<\/div>\n\t\t\t\t<\/div>\n\t\t\t\t<div class=\"elementor-element elementor-element-9d04ec7 elementor-widget elementor-widget-heading\" data-id=\"9d04ec7\" data-element_type=\"widget\" data-e-type=\"widget\" data-widget_type=\"heading.default\">\n\t\t\t\t<div class=\"elementor-widget-container\">\n\t\t\t\t\t<h3 class=\"elementor-heading-title elementor-size-default\">SPORTS CITY<\/h3>\t\t\t\t<\/div>\n\t\t\t\t<\/div>\n\t\t\t\t<div class=\"elementor-element elementor-element-12d9d2f elementor-widget elementor-widget-heading\" data-id=\"12d9d2f\" data-element_type=\"widget\" data-e-type=\"widget\" data-widget_type=\"heading.default\">\n\t\t\t\t<div class=\"elementor-widget-container\">\n\t\t\t\t\t<h3 class=\"elementor-heading-title elementor-size-default\">COMPETITIVE TUITION FEES AND LIVING COSTS<\/h3>\t\t\t\t<\/div>\n\t\t\t\t<\/div>\n\t\t\t\t<div class=\"elementor-element elementor-element-78cb5fe elementor-widget elementor-widget-heading\" data-id=\"78cb5fe\" data-element_type=\"widget\" data-e-type=\"widget\" data-widget_type=\"heading.default\">\n\t\t\t\t<div class=\"elementor-widget-container\">\n\t\t\t\t\t<h3 class=\"elementor-heading-title elementor-size-default\">WIDE CULTURAL OFFER<\/h3>\t\t\t\t<\/div>\n\t\t\t\t<\/div>\n\t\t\t\t<div class=\"elementor-element elementor-element-7d823e4 elementor-widget elementor-widget-heading\" data-id=\"7d823e4\" data-element_type=\"widget\" data-e-type=\"widget\" data-widget_type=\"heading.default\">\n\t\t\t\t<div class=\"elementor-widget-container\">\n\t\t\t\t\t<h3 class=\"elementor-heading-title elementor-size-default\">STUDY IN LISBON LOUNGE<\/h3>\t\t\t\t<\/div>\n\t\t\t\t<\/div>\n\t\t\t\t<div class=\"elementor-element elementor-element-25010c2 elementor-widget elementor-widget-heading\" data-id=\"25010c2\" data-element_type=\"widget\" data-e-type=\"widget\" data-widget_type=\"heading.default\">\n\t\t\t\t<div class=\"elementor-widget-container\">\n\t\t\t\t\t<h3 class=\"elementor-heading-title elementor-size-default\">INNOVATION AND ENTREPRENEURSHIP<\/h3>\t\t\t\t<\/div>\n\t\t\t\t<\/div>\n\t\t\t\t<div class=\"elementor-element elementor-element-2716ccf elementor-widget elementor-widget-heading\" data-id=\"2716ccf\" data-element_type=\"widget\" data-e-type=\"widget\" data-widget_type=\"heading.default\">\n\t\t\t\t<div class=\"elementor-widget-container\">\n\t\t\t\t\t<h3 class=\"elementor-heading-title elementor-size-default\">TAILOR-MADE ACCOMMODATION<\/h3>\t\t\t\t<\/div>\n\t\t\t\t<\/div>\n\t\t\t\t\t<\/div>\n\t\t\t\t<\/div>\n\t\t\t\t<\/div>\n\t\t<div class=\"elementor-element elementor-element-2e52278 e-flex e-con-boxed e-con e-parent\" data-id=\"2e52278\" data-element_type=\"container\" data-e-type=\"container\" data-settings=\"{&quot;background_background&quot;:&quot;classic&quot;}\">\n\t\t\t\t\t<div class=\"e-con-inner\">\n\t\t\t\t\t<\/div>\n\t\t\t\t<\/div>\n\t\t<div class=\"elementor-element elementor-element-2e52023 e-con-full e-flex e-con e-parent\" data-id=\"2e52023\" data-element_type=\"container\" data-e-type=\"container\" data-settings=\"{&quot;background_background&quot;:&quot;classic&quot;}\">\n\t\t<div class=\"elementor-element elementor-element-92ead79 e-con-full e-flex e-con e-child\" data-id=\"92ead79\" data-element_type=\"container\" data-e-type=\"container\">\n\t\t\t\t<div class=\"elementor-element elementor-element-f83bbeb elementor-widget elementor-widget-heading\" data-id=\"f83bbeb\" data-element_type=\"widget\" data-e-type=\"widget\" data-widget_type=\"heading.default\">\n\t\t\t\t<div class=\"elementor-widget-container\">\n\t\t\t\t\t<h3 class=\"elementor-heading-title elementor-size-default\">TEACHING EXCELLENCE<\/h3>\t\t\t\t<\/div>\n\t\t\t\t<\/div>\n\t\t\t\t<div class=\"elementor-element elementor-element-347dee6 elementor-widget elementor-widget-text-editor\" data-id=\"347dee6\" data-element_type=\"widget\" data-e-type=\"widget\" data-widget_type=\"text-editor.default\">\n\t\t\t\t<div class=\"elementor-widget-container\">\n\t\t\t\t\t\t\t\t\t<p>The Lisbon Region has a highly qualified and diversified network of higher education universities and polytechnic institutions and numerous research centres that are funded by Funda\u00e7\u00e3o para a Ci\u00eancia e a Tecnologia. There are also three Science and Technology Parks, which makes this region the largest university and research hub in Portugal. <\/p><p>Higher education institutions in Lisbon are among the best and most prestigious and have been recognised annually in multiple international rankings (Financial Times, CWUR \u2013 Centre for World University Rankings, Academic Ranking of World Universities of Shanghai, THE \u2013 Times Higher Education, and QS Ranking \u2013 World University Rankings).<\/p>\t\t\t\t\t\t\t\t<\/div>\n\t\t\t\t<\/div>\n\t\t\t\t<\/div>\n\t\t<div class=\"elementor-element elementor-element-db9beb5 e-con-full e-flex e-con e-child\" data-id=\"db9beb5\" data-element_type=\"container\" data-e-type=\"container\" data-settings=\"{&quot;background_background&quot;:&quot;classic&quot;}\">\n\t\t\t\t<\/div>\n\t\t\t\t<\/div>\n\t\t<div class=\"elementor-element elementor-element-081142b e-con-full e-flex e-con e-parent\" data-id=\"081142b\" data-element_type=\"container\" data-e-type=\"container\" data-settings=\"{&quot;background_background&quot;:&quot;classic&quot;}\">\n\t\t<div class=\"elementor-element elementor-element-a058aac e-con-full e-flex e-con e-child\" data-id=\"a058aac\" data-element_type=\"container\" data-e-type=\"container\">\n\t\t\t\t<div class=\"elementor-element elementor-element-8897304 elementor-widget elementor-widget-heading\" data-id=\"8897304\" data-element_type=\"widget\" data-e-type=\"widget\" data-widget_type=\"heading.default\">\n\t\t\t\t<div class=\"elementor-widget-container\">\n\t\t\t\t\t<h3 class=\"elementor-heading-title elementor-size-default\">DIVERSIFIED ACADEMIC OFFER<\/h3>\t\t\t\t<\/div>\n\t\t\t\t<\/div>\n\t\t\t\t<div class=\"elementor-element elementor-element-c2ffcfd elementor-widget elementor-widget-text-editor\" data-id=\"c2ffcfd\" data-element_type=\"widget\" data-e-type=\"widget\" data-widget_type=\"text-editor.default\">\n\t\t\t\t<div class=\"elementor-widget-container\">\n\t\t\t\t\t\t\t\t\t<p>There are numerous options for bachelor\u2019s degrees, master\u2019s degrees or PhDs, which include areas of knowledge so different, such as exact sciences, natural sciences, health sciences, engineering and technologies, social sciences, arts and human sciences.<\/p><p>Portuguese is the sixth most widely spoken language worldwide. There are Portuguese lessons for foreign students, as well as English lessons in multiple higher education institutions. Economic and Business Sciences are the areas where there are more courses are taught in English.<\/p>\t\t\t\t\t\t\t\t<\/div>\n\t\t\t\t<\/div>\n\t\t\t\t<\/div>\n\t\t<div class=\"elementor-element elementor-element-4e004a0 e-con-full e-flex e-con e-child\" data-id=\"4e004a0\" data-element_type=\"container\" data-e-type=\"container\" data-settings=\"{&quot;background_background&quot;:&quot;classic&quot;}\">\n\t\t\t\t<\/div>\n\t\t\t\t<\/div>\n\t\t<div class=\"elementor-element elementor-element-9c789df e-con-full e-flex e-con e-parent\" data-id=\"9c789df\" data-element_type=\"container\" data-e-type=\"container\" data-settings=\"{&quot;background_background&quot;:&quot;classic&quot;}\">\n\t\t<div class=\"elementor-element elementor-element-aa69b63 e-con-full e-flex e-con e-child\" data-id=\"aa69b63\" data-element_type=\"container\" data-e-type=\"container\">\n\t\t\t\t<div class=\"elementor-element elementor-element-e89b69b elementor-widget elementor-widget-heading\" data-id=\"e89b69b\" data-element_type=\"widget\" data-e-type=\"widget\" data-widget_type=\"heading.default\">\n\t\t\t\t<div class=\"elementor-widget-container\">\n\t\t\t\t\t<h3 class=\"elementor-heading-title elementor-size-default\">COMPETITIVE TUITION FEES AND COST OF LIVING<\/h3>\t\t\t\t<\/div>\n\t\t\t\t<\/div>\n\t\t\t\t<div class=\"elementor-element elementor-element-13237ca elementor-widget elementor-widget-text-editor\" data-id=\"13237ca\" data-element_type=\"widget\" data-e-type=\"widget\" data-widget_type=\"text-editor.default\">\n\t\t\t\t<div class=\"elementor-widget-container\">\n\t\t\t\t\t\t\t\t\t<p>Lisbon is still a city in the EU with an affordable cost of living. It is the economic centre of a large region and has qualified human resources, a cosmopolitan atmosphere and a top quality of life. The cost of basic goods, such as food, transportation or health, or access to culture, such as cinema, theatre and concerts, is quite reasonable, which makes the stay in this city very appealing.<\/p><p>The cost of tuition for foreign students depends on their status, and if their presence is the result of a bilateral agreement, they may even be exempt from paying tuition. . For more details about tuition costs, please contact the host institution.<\/p>\t\t\t\t\t\t\t\t<\/div>\n\t\t\t\t<\/div>\n\t\t\t\t<\/div>\n\t\t<div class=\"elementor-element elementor-element-001dedf e-con-full e-flex e-con e-child\" data-id=\"001dedf\" data-element_type=\"container\" data-e-type=\"container\" data-settings=\"{&quot;background_background&quot;:&quot;classic&quot;}\">\n\t\t\t\t<\/div>\n\t\t\t\t<\/div>\n\t\t<div class=\"elementor-element elementor-element-2604aaa e-con-full e-flex e-con e-parent\" data-id=\"2604aaa\" data-element_type=\"container\" data-e-type=\"container\" data-settings=\"{&quot;background_background&quot;:&quot;classic&quot;}\">\n\t\t<div class=\"elementor-element elementor-element-bdf893d e-con-full e-flex e-con e-child\" data-id=\"bdf893d\" data-element_type=\"container\" data-e-type=\"container\">\n\t\t\t\t<div class=\"elementor-element elementor-element-3b9de14 elementor-widget elementor-widget-heading\" data-id=\"3b9de14\" data-element_type=\"widget\" data-e-type=\"widget\" data-widget_type=\"heading.default\">\n\t\t\t\t<div class=\"elementor-widget-container\">\n\t\t\t\t\t<h3 class=\"elementor-heading-title elementor-size-default\">STUDY IN LISBON LOUNGE<\/h3>\t\t\t\t<\/div>\n\t\t\t\t<\/div>\n\t\t\t\t<div class=\"elementor-element elementor-element-8142700 elementor-widget elementor-widget-text-editor\" data-id=\"8142700\" data-element_type=\"widget\" data-e-type=\"widget\" data-widget_type=\"text-editor.default\">\n\t\t\t\t<div class=\"elementor-widget-container\">\n\t\t\t\t\t\t\t\t\t<p>The city has a space dedicated to providing advice and guidance to international students and researchers, the Study in Lisbon Lounge. Here, students receive support in a number of areas, such as finding accommodation, obtaining visas and residence permits, opening bank accounts, and purchasing transport tickets. <\/p><p>Information about the national health service and Lisbon\u2019s cultural, leisure and sports agenda is provided when requested by the students, as well as clarifications about their academic career.<\/p>\t\t\t\t\t\t\t\t<\/div>\n\t\t\t\t<\/div>\n\t\t\t\t<\/div>\n\t\t<div class=\"elementor-element elementor-element-bf23d60 e-con-full e-flex e-con e-child\" data-id=\"bf23d60\" data-element_type=\"container\" data-e-type=\"container\" data-settings=\"{&quot;background_background&quot;:&quot;classic&quot;}\">\n\t\t\t\t<\/div>\n\t\t\t\t<\/div>\n\t\t<div class=\"elementor-element elementor-element-099334c e-con-full e-flex e-con e-parent\" data-id=\"099334c\" data-element_type=\"container\" data-e-type=\"container\" data-settings=\"{&quot;background_background&quot;:&quot;classic&quot;}\">\n\t\t<div class=\"elementor-element elementor-element-9b40070 e-con-full e-flex e-con e-child\" data-id=\"9b40070\" data-element_type=\"container\" data-e-type=\"container\">\n\t\t\t\t<div class=\"elementor-element elementor-element-b58b4e4 elementor-widget elementor-widget-heading\" data-id=\"b58b4e4\" data-element_type=\"widget\" data-e-type=\"widget\" data-widget_type=\"heading.default\">\n\t\t\t\t<div class=\"elementor-widget-container\">\n\t\t\t\t\t<h3 class=\"elementor-heading-title elementor-size-default\">TAILOR-MADE ACCOMMODATION<\/h3>\t\t\t\t<\/div>\n\t\t\t\t<\/div>\n\t\t\t\t<div class=\"elementor-element elementor-element-dc9c8fe elementor-widget elementor-widget-text-editor\" data-id=\"dc9c8fe\" data-element_type=\"widget\" data-e-type=\"widget\" data-widget_type=\"text-editor.default\">\n\t\t\t\t<div class=\"elementor-widget-container\">\n\t\t\t\t\t\t\t\t\t<p>Although Lisbon is one of the cities in the European Union that offers the best quality of life for students, and is considered one of the safest cities in Europe, accommodation is still the biggest challenge to students&#8217; settlement, as in some areas of the city, renting a room or a house can be expensive.<\/p><p>As in other cities, the supply of commercially priced accommodation coexists with the supply of socially priced accommodation, with several residences for students and researchers located mainly in the city centre and with easy access to the different university campuses. The university residences are not sufficient to meet the growing demand for accommodation. To address this issue, the Municipality is actively promoting policies to support student rentals, which include, among other things, the conversion of properties into academic residences.  <\/p>\t\t\t\t\t\t\t\t<\/div>\n\t\t\t\t<\/div>\n\t\t\t\t<\/div>\n\t\t<div class=\"elementor-element elementor-element-5256847 e-con-full e-flex e-con e-child\" data-id=\"5256847\" data-element_type=\"container\" data-e-type=\"container\" data-settings=\"{&quot;background_background&quot;:&quot;classic&quot;}\">\n\t\t\t\t<\/div>\n\t\t\t\t<\/div>\n\t\t<div class=\"elementor-element elementor-element-73a7a75 e-con-full e-flex e-con e-parent\" data-id=\"73a7a75\" data-element_type=\"container\" data-e-type=\"container\" data-settings=\"{&quot;background_background&quot;:&quot;classic&quot;}\">\n\t\t<div class=\"elementor-element elementor-element-77d6531 e-con-full e-flex e-con e-child\" data-id=\"77d6531\" data-element_type=\"container\" data-e-type=\"container\">\n\t\t\t\t<div class=\"elementor-element elementor-element-13eaa02 elementor-widget elementor-widget-heading\" data-id=\"13eaa02\" data-element_type=\"widget\" data-e-type=\"widget\" data-widget_type=\"heading.default\">\n\t\t\t\t<div class=\"elementor-widget-container\">\n\t\t\t\t\t<h3 class=\"elementor-heading-title elementor-size-default\">CULTURAL DIVERSITY<\/h3>\t\t\t\t<\/div>\n\t\t\t\t<\/div>\n\t\t\t\t<div class=\"elementor-element elementor-element-bdccc5b elementor-widget elementor-widget-text-editor\" data-id=\"bdccc5b\" data-element_type=\"widget\" data-e-type=\"widget\" data-widget_type=\"text-editor.default\">\n\t\t\t\t<div class=\"elementor-widget-container\">\n\t\t\t\t\t\t\t\t\t<p>Over the course of history, Lisbon\u2019s citizens have gained a remarkable experience in being in contact with different communities. Warm, spontaneous and sociable, they communicate with foreigners easily not only in English, but also in Spanish or French.<\/p><p>There are numerous communities in Lisbon that came from Brazil, Cape Verde, Angola, Ukraine, India, Bangladesh, Nepal, China, Venezuela, among others. These communities preserve their culture especially through the promotion of their gastronomy, which is deeply rooted in Lisbon, and by participating in festivals and other events supported by the municipality, such as the Hindu Ratha Yatra Festival, the Buddha&#8217;s Birthday-Vesak, or the Diversity Festival, sharing their roots with the people of Lisbon.<\/p><p>Lisbon is admittedly a multicultural city that welcomes everybody who wants to live, work, study or just visit the city. With a population a little over two million inhabitants, Lisbon is a large population agglomeration without any of the confusing and hostile features of a big city.<\/p>\t\t\t\t\t\t\t\t<\/div>\n\t\t\t\t<\/div>\n\t\t\t\t<\/div>\n\t\t<div class=\"elementor-element elementor-element-d9ea50e e-con-full e-flex e-con e-child\" data-id=\"d9ea50e\" data-element_type=\"container\" data-e-type=\"container\" data-settings=\"{&quot;background_background&quot;:&quot;classic&quot;}\">\n\t\t\t\t<\/div>\n\t\t\t\t<\/div>\n\t\t<div class=\"elementor-element elementor-element-056d14e e-con-full e-flex e-con e-parent\" data-id=\"056d14e\" data-element_type=\"container\" data-e-type=\"container\" data-settings=\"{&quot;background_background&quot;:&quot;classic&quot;}\">\n\t\t<div class=\"elementor-element elementor-element-8880ebf e-con-full e-flex e-con e-child\" data-id=\"8880ebf\" data-element_type=\"container\" data-e-type=\"container\">\n\t\t\t\t<div class=\"elementor-element elementor-element-edd558c elementor-widget elementor-widget-heading\" data-id=\"edd558c\" data-element_type=\"widget\" data-e-type=\"widget\" data-widget_type=\"heading.default\">\n\t\t\t\t<div class=\"elementor-widget-container\">\n\t\t\t\t\t<h3 class=\"elementor-heading-title elementor-size-default\">WIDE CULTURAL OFFER<\/h3>\t\t\t\t<\/div>\n\t\t\t\t<\/div>\n\t\t\t\t<div class=\"elementor-element elementor-element-0e0f5ed elementor-widget elementor-widget-text-editor\" data-id=\"0e0f5ed\" data-element_type=\"widget\" data-e-type=\"widget\" data-widget_type=\"text-editor.default\">\n\t\t\t\t<div class=\"elementor-widget-container\">\n\t\t\t\t\t\t\t\t\t<p>There are countless, diversified events happening in Lisbon throughout the year, many of them internationally renowned. The city has a wide network of museums, art galleries, libraries, theatres and cinemas, which gives rise to a premium, widely diversified cultural offer.<\/p><p>The cultural equipment, traditional shops, bohemian and leisure places strongly connected to traditional neighbourhoods are a distinctive future of the city.<\/p><p>In the unique neighbourhoods of Baixa, Alfama, Castelo and Mouraria, you can hear Fado, a Portuguese nostalgic type of song, in many traditional places. There is a great variety of cinema festivals in Lisbon over the year (IndieLisboa, Lisbon &amp; Estoril Film Festival, Motelx, DocLisboa, Queer Lisboa, Monstra). According to music genres, concerts take place in churches, large venues, bars, and, whenever the weather allows, in gardens, viewpoints and parks.<\/p>\t\t\t\t\t\t\t\t<\/div>\n\t\t\t\t<\/div>\n\t\t\t\t<\/div>\n\t\t<div class=\"elementor-element elementor-element-c4755c4 e-con-full e-flex e-con e-child\" data-id=\"c4755c4\" data-element_type=\"container\" data-e-type=\"container\" data-settings=\"{&quot;background_background&quot;:&quot;classic&quot;}\">\n\t\t\t\t<\/div>\n\t\t\t\t<\/div>\n\t\t<div class=\"elementor-element elementor-element-dc63560 e-con-full e-flex e-con e-parent\" data-id=\"dc63560\" data-element_type=\"container\" data-e-type=\"container\" data-settings=\"{&quot;background_background&quot;:&quot;classic&quot;}\">\n\t\t<div class=\"elementor-element elementor-element-cccc761 e-con-full e-flex e-con e-child\" data-id=\"cccc761\" data-element_type=\"container\" data-e-type=\"container\">\n\t\t\t\t<div class=\"elementor-element elementor-element-c1009da elementor-widget elementor-widget-heading\" data-id=\"c1009da\" data-element_type=\"widget\" data-e-type=\"widget\" data-widget_type=\"heading.default\">\n\t\t\t\t<div class=\"elementor-widget-container\">\n\t\t\t\t\t<h3 class=\"elementor-heading-title elementor-size-default\">INNOVATION AND ENTREPRENEURSHIP<\/h3>\t\t\t\t<\/div>\n\t\t\t\t<\/div>\n\t\t\t\t<div class=\"elementor-element elementor-element-d1ca8db elementor-widget elementor-widget-text-editor\" data-id=\"d1ca8db\" data-element_type=\"widget\" data-e-type=\"widget\" data-widget_type=\"text-editor.default\">\n\t\t\t\t<div class=\"elementor-widget-container\">\n\t\t\t\t\t\t\t\t\t<p>Lisbon is more and more receptive to social and technological innovations. It is a privileged place not only to study, but also to research, experiment, share and disseminate new ideas and new products. The city focuses on entrepreneurship by providing numerous co-working spaces and by supporting the network of start-ups and incubators that can be found across the city. Since 2016, it has hosted WEB SUMMIT, one of the largest and most important conferences on entrepreneurship, innovation and technology worldwide, attracting some of the top executives from the largest and most innovative global companies to Lisbon.<\/p>\t\t\t\t\t\t\t\t<\/div>\n\t\t\t\t<\/div>\n\t\t\t\t<\/div>\n\t\t<div class=\"elementor-element elementor-element-2c510e7 e-con-full e-flex e-con e-child\" data-id=\"2c510e7\" data-element_type=\"container\" data-e-type=\"container\" data-settings=\"{&quot;background_background&quot;:&quot;classic&quot;}\">\n\t\t\t\t<\/div>\n\t\t\t\t<\/div>\n\t\t\t\t<\/div>\n\t\t","protected":false},"excerpt":{"rendered":"<p>Lisboa ONE CHOICE IN A THOUSAND&#8230; TEACHING EXCELLENCE CULTURAL DIVERSITY DIVERSIFIED ACADEMIC OFFER SPORTS CITY COMPETITIVE TUITION FEES AND LIVING COSTS WIDE CULTURAL OFFER STUDY IN LISBON LOUNGE INNOVATION AND ENTREPRENEURSHIP TAILOR-MADE ACCOMMODATION TEACHING EXCELLENCE The Lisbon Region has a highly qualified and diversified network of higher education universities and polytechnic institutions and numerous research [&hellip;]<\/p>\n","protected":false},"author":1,"featured_media":0,"parent":0,"menu_order":0,"comment_status":"closed","ping_status":"closed","template":"elementor_header_footer","meta":{"footnotes":""},"class_list":["post-5830","page","type-page","status-publish","hentry"],"_links":{"self":[{"href":"https:\/\/studyinlisbon.pt\/en\/wp-json\/wp\/v2\/pages\/5830","targetHints":{"allow":["GET"]}}],"collection":[{"href":"https:\/\/studyinlisbon.pt\/en\/wp-json\/wp\/v2\/pages"}],"about":[{"href":"https:\/\/studyinlisbon.pt\/en\/wp-json\/wp\/v2\/types\/page"}],"author":[{"embeddable":true,"href":"https:\/\/studyinlisbon.pt\/en\/wp-json\/wp\/v2\/users\/1"}],"replies":[{"embeddable":true,"href":"https:\/\/studyinlisbon.pt\/en\/wp-json\/wp\/v2\/comments?post=5830"}],"version-history":[{"count":53,"href":"https:\/\/studyinlisbon.pt\/en\/wp-json\/wp\/v2\/pages\/5830\/revisions"}],"predecessor-version":[{"id":9690,"href":"https:\/\/studyinlisbon.pt\/en\/wp-json\/wp\/v2\/pages\/5830\/revisions\/9690"}],"wp:attachment":[{"href":"https:\/\/studyinlisbon.pt\/en\/wp-json\/wp\/v2\/media?parent=5830"}],"curies":[{"name":"wp","href":"https:\/\/api.w.org\/{rel}","templated":true}]}}